{"id":367,"date":"2023-11-19T17:58:00","date_gmt":"2023-11-19T17:58:00","guid":{"rendered":"https:\/\/e-fik.com.pl\/rachunkowosc-dla-firm\/"},"modified":"2023-11-19T17:58:00","modified_gmt":"2023-11-19T17:58:00","slug":"rachunkowosc-dla-firm","status":"publish","type":"page","link":"https:\/\/e-fik.com.pl\/uk\/rachunkowosc-dla-firm\/","title":{"rendered":"Rachunkowo\u015b\u0107 dla firm"},"content":{"rendered":"<section class=\"page-header\">\n\n    <div class=\"page-header__image absolute top-0 right-0\">\n            <img decoding=\"async\" src=\"https:\/\/e-fik.com.pl\/wp-content\/uploads\/2023\/11\/Mask-Group-35.png\" class=\"image\">\n          <\/div>\n\n    <div class=\"container\">\n      <div class=\"page-header__content\">\n        <h1 class=\"page-header__heading font-heading text-5xl md:text-6xl font-medium mb-4 text-primary\">\n          Rachunkowo\u015b\u0107 dla firm\n        <\/h1>\n        <div class=\"page-header__text font-body text-primary\">\n          <p>Od 1999 r. zajmujemy si\u0119 kompleksow\u0105 obs\u0142ug\u0105 ksi\u0119gowo-rachunkow\u0105 biznesu.<br \/>\nJeste\u015bmy po to, by:<\/p>\n<ul>\n<li>wyr\u0119cza\u0107 przedsi\u0119biorc\u00f3w w zmaganiach ze sm\u0119tnymi rachunkami i z\u0142o\u015bliw\u0105 papierologi\u0105;<\/li>\n<li>ratowa\u0107 organizacje przed nawa\u0142nic\u0105 cyfr i paragraf\u00f3w;<\/li>\n<li>wspiera\u0107 ludzi biznesu w realiach Polskiego \u0141adu i przyprawiaj\u0105cych o dreszcze zmian podatkowych.<\/li>\n<\/ul>\n<p>To, co sob\u0105 reprezentujemy, to wiarygodno\u015b\u0107 i rzetelne podej\u015bcie po\u0142\u0105czone z atmosfer\u0105, w kt\u00f3rej ka\u017cdy chcia\u0142by wsp\u00f3\u0142pracowa\u0107.<\/p>\n<p>Jeste\u015bmy gotowi, aby wzi\u0105\u0107 na swoje barki ksi\u0119gowo\u015b\u0107 Twojej organizacji \u2013 niezale\u017cnie od tego, czy jest to ma\u0142a firma, wielkie przedsi\u0119biorstwo czy organizacja pozarz\u0105dowa. Mamy kilkudziesi\u0119cioletnie do\u015bwiadczenie w ka\u017cdym z tych obszar\u00f3w, co ch\u0119tnie udowodnimy w praktyce.<\/p>\n\n        <\/div>\n                <a href=\"https:\/\/e-fik.com.pl\/kontakt\/\"\n            class=\"link link--secondary home-fundation__link\">\n          Porozmawiaj z naszym przedstawicielem \n        <\/a>\n              <\/div>\n    <\/div>\n\n<\/section>\n\n\n\n\n<section class=\"accounting py-12\">\n  <div class=\"container\">\n    <div class=\"accounting__wrapper\">\n      <div class=\"accounting__items flex flex-wrap justify-start\">\n\n        \n          <div class=\"col-12 col-t-6 col-sd-6 single flex justify-start flex-col my-10\">\n            <h5 class=\"single__title font-medium text-secondary text-xl mb-3\">Wsp\u00f3\u0142praca na lata<\/h5>\n            <div class=\"single__text text-white\"><p>Inwestujemy w d\u0142ugoterminowe relacje \u2013 wybieraj\u0105c nas, zyskujesz pewnego partnera.<\/p>\n<\/div>\n          <\/div>\n\n        \n          <div class=\"col-12 col-t-6 col-sd-6 single flex justify-start flex-col my-10\">\n            <h5 class=\"single__title font-medium text-secondary text-xl mb-3\">Wygodna lokalizacja<\/h5>\n            <div class=\"single__text text-white\"><p>Nie wyobra\u017casz sobie rozmowy o pieni\u0105dzach bez u\u015bcisku d\u0142oni?Nie ma sprawy \u2013 spotkajmy si\u0119 stacjonarnie!<\/p>\n<\/div>\n          <\/div>\n\n        \n          <div class=\"col-12 col-t-6 col-sd-6 single flex justify-start flex-col my-10\">\n            <h5 class=\"single__title font-medium text-secondary text-xl mb-3\">Kompleksowa oferta<\/h5>\n            <div class=\"single__text text-white\"><p>Wiemy, jak dobrze jest mie\u0107 wszystko w jednym miejscu. Dlatego proponujemy Ci pe\u0142en zakres us\u0142ug rachunkowych w pakiecie.<\/p>\n<\/div>\n          <\/div>\n\n        \n          <div class=\"col-12 col-t-6 col-sd-6 single flex justify-start flex-col my-10\">\n            <h5 class=\"single__title font-medium text-secondary text-xl mb-3\">Indywidualne,  elastyczne podej\u015bcie<\/h5>\n            <div class=\"single__text text-white\"><p>Dzia\u0142amy wed\u0142ug sprawdzonych metod, ale nie dajemy zamkn\u0105\u0107 si\u0119<br \/>\nw jednej teczce. Dla nas ka\u017cdy klient to inna historia.<\/p>\n<\/div>\n          <\/div>\n\n        \n          <div class=\"col-12 col-t-6 col-sd-6 single flex justify-start flex-col my-10\">\n            <h5 class=\"single__title font-medium text-secondary text-xl mb-3\">Fachowa obs\u0142uga NGO<\/h5>\n            <div class=\"single__text text-white\"><p>Specjalizujemy si\u0119 m.in. w prowadzeniu ksi\u0119gowo\u015bci organizacji pozarz\u0105dowych \u2013 ich specyfika to dla nas codzienno\u015b\u0107.<\/p>\n<\/div>\n          <\/div>\n\n        \n          <div class=\"col-12 col-t-6 col-sd-6 single flex justify-start flex-col my-10\">\n            <h5 class=\"single__title font-medium text-secondary text-xl mb-3\">Dobry kontakt i komunikacja<\/h5>\n            <div class=\"single__text text-white\"><p>Do nas nie musisz dobija\u0107 si\u0119 drzwiami i oknami. Wystarczy jeden telefon albo mail, by uzyska\u0107 odpowied\u017a, jakiej oczekujesz.<\/p>\n<\/div>\n          <\/div>\n\n        \n      <\/div>\n      <div class=\"accounting__heading text-left mb-6 py-12 flex justify-start flex-col justify-between\">\n        <h2 class=\"accounting__title text-4xl md:text-6xl text-white font-medium font-heading\">Oto Nadksi\u0119gowo\u015b\u0107 w wydaniu FiK<\/h2>\n        <div class=\"accounting__footer af\">\n          <h4 class=\"af__title text-white font-medium mb-6\">Co jeszcze mo\u017cemy Ci zaproponowa\u0107? <\/h4>\n          <a href=\"https:\/\/e-fik.com.pl\/kontakt\/\"\n              class=\"link link--secondary home-about__link\"\n              >\n            Opowiedz nam o swoich oczekiwaniach\n          <\/a>\n        <\/div>\n      <\/div>\n    <\/div>\n  <\/div>\n<\/section>\n\n\n\n\n<section class=\"certificate py-24\">\n  <div class=\"container\">\n    <div class=\"certificate__heading text-center mb-8 py-12\">\n      <h2 class=\"home-about__title text-5xl md:text-6xl text-primary font-medium font-heading\">Certyfikaty<\/h2>\n    <\/div>\n\n      <div class=\"swiper CerSwiper\">\n        <!-- Additional required wrapper -->\n        <div class=\"swiper-wrapper certificate__items\">\n\n                      <div class=\"swiper-slide gallery__item\">\n              <img decoding=\"async\" src=\"https:\/\/e-fik.com.pl\/wp-content\/uploads\/2023\/11\/SKM_C25821031418300-1-1.jpg\" alt=\"\" class=\"image\">\n            <\/div>\n                      <div class=\"swiper-slide gallery__item\">\n              <img decoding=\"async\" src=\"https:\/\/e-fik.com.pl\/wp-content\/uploads\/2023\/11\/SKM_C25821031418330-1.jpg\" alt=\"\" class=\"image\">\n            <\/div>\n                      <div class=\"swiper-slide gallery__item\">\n              <img decoding=\"async\" src=\"https:\/\/e-fik.com.pl\/wp-content\/uploads\/2023\/11\/SKM_C25821031418310-1-1.jpg\" alt=\"\" class=\"image\">\n            <\/div>\n                      <div class=\"swiper-slide gallery__item\">\n              <img decoding=\"async\" src=\"https:\/\/e-fik.com.pl\/wp-content\/uploads\/2023\/11\/SKM_C25821031418311-1-1.jpg\" alt=\"\" class=\"image\">\n            <\/div>\n                      <div class=\"swiper-slide gallery__item\">\n              <img decoding=\"async\" src=\"https:\/\/e-fik.com.pl\/wp-content\/uploads\/2023\/11\/SKM_C25821031418312-1-1.jpg\" alt=\"\" class=\"image\">\n            <\/div>\n                      <div class=\"swiper-slide gallery__item\">\n              <img decoding=\"async\" src=\"https:\/\/e-fik.com.pl\/wp-content\/uploads\/2023\/11\/SKM_C25821031418320-1.jpg\" alt=\"\" class=\"image\">\n            <\/div>\n                      <div class=\"swiper-slide gallery__item\">\n              <img decoding=\"async\" src=\"https:\/\/e-fik.com.pl\/wp-content\/uploads\/2023\/11\/SKM_C25821031418321-1.jpg\" alt=\"\" class=\"image\">\n            <\/div>\n                      <div class=\"swiper-slide gallery__item\">\n              <img decoding=\"async\" src=\"https:\/\/e-fik.com.pl\/wp-content\/uploads\/2023\/11\/SKM_C25821031418322-1.jpg\" alt=\"\" class=\"image\">\n            <\/div>\n          \n        <\/div>\n\n\n        <!-- If we need navigation buttons -->\n        <div class=\"pagination flex justify-start flex-row gap-6 mt-3\">\n          <div class=\"swiper-button-prev\">\n            <svg width=\"17\" height=\"37\" viewBox=\"0 0 24 43\" fill=\"none\" xmlns=\"http:\/\/www.w3.org\/2000\/svg\">\n              <path d=\"M22 41L3 21.5L22 2\" stroke=\"#CDA46F\" stroke-width=\"4\" stroke-linecap=\"round\"\/>\n              <\/svg>\n\n          <\/div>\n          <div class=\"swiper-button-next\">\n            <svg width=\"17\" height=\"37\" viewBox=\"0 0 24 43\" fill=\"none\" xmlns=\"http:\/\/www.w3.org\/2000\/svg\">\n              <path d=\"M2 2L21 21.5L2 41\" stroke=\"#CDA46F\" stroke-width=\"4\" stroke-linecap=\"round\"\/>\n            <\/svg>\n          <\/div>\n        <\/div>\n      <\/div>\n    <\/div>\n\n<\/section>\n\n\n\n\n<section class=\"people pt-12\">\n  <div class=\"people__background\"><\/div>\n  <div class=\"container\">\n    <div class=\"people__heading text-center mb-6 py-12\">\n      <h2 class=\"people__title text-5xl md:text-6xl text-white font-medium font-heading\">Nasi specjali\u015bci<\/h2>\n    <\/div>\n\n\n        \n\n      <div class=\"swiper PeoplSwiper\">\n        <!-- Additional required wrapper -->\n        <div class=\"swiper-wrapper people__items \">\n\n                      <div class=\"swiper-slide person\">\n              <div class=\"person__wrapper\">\n                <img decoding=\"async\" src=\"https:\/\/e-fik.com.pl\/wp-content\/uploads\/2023\/11\/DSC_9056a1.jpg\" alt=\"\" class=\"image\">\n                <div class=\"person__content\">\n                  <h4 class=\"person__name text-2xl md:text-3xl text-white font-semibold\">Maria Grabarek<\/h4>\n                  <span class=\"person__position text-1xl md:text-2xl font-medium text-white\">Prezes Zarz\u0105du, G\u0142\u00f3wna Ksi\u0119gowa<\/span>\n                  <div class=\"person__text text-white\"><p>Matka za\u0142o\u017cycielka FIK-a. Nadzoruje prac\u0119 ca\u0142ego zespo\u0142u, rozwi\u0105zuj\u0105c sprawy najtrudniejsze. Specjalizuje si\u0119 w prawie podatkowym \u2013 CIT, VAT i PIT to jej najsilniejsze moce. Poza prac\u0105 ceni sobie relaks w le\u015bnej ciszy albo na balowej sali do bia\u0142ego rana.<\/p>\n<\/div>\n\n                <\/div>\n              <\/div>\n            <\/div>\n                      <div class=\"swiper-slide person\">\n              <div class=\"person__wrapper\">\n                <img decoding=\"async\" src=\"https:\/\/e-fik.com.pl\/wp-content\/uploads\/2023\/11\/DSC_9040a1.jpg\" alt=\"\" class=\"image\">\n                <div class=\"person__content\">\n                  <h4 class=\"person__name text-2xl md:text-3xl text-white font-semibold\">Jakub Stanis\u0142awski<\/h4>\n                  <span class=\"person__position text-1xl md:text-2xl font-medium text-white\">Rozliczenia ZUS, Kadry i P\u0142ace<\/span>\n                  <div class=\"person__text text-white\"><p>Na co dzie\u0144 walczy z ZUS-em. Mierzy si\u0119 z tym, czego klienci nie lubi\u0105 najbardziej \u2013 p\u0142atno\u015bciami wynagrodze\u0144 i pochodnych, kontrolami PIP, dokumentacjami, pismami i problemami r\u00f3\u017cnej ma\u015bci. Za dobre wynagradza (nalicza premie), a za z\u0142e karze (art. 52. KP). Hoduje zwierz\u0119ta egzotyczne, do tego interesuje si\u0119 w\u0119dkarstwem i nalewkarstwem.<\/p>\n<\/div>\n\n                <\/div>\n              <\/div>\n            <\/div>\n                      <div class=\"swiper-slide person\">\n              <div class=\"person__wrapper\">\n                <img decoding=\"async\" src=\"https:\/\/e-fik.com.pl\/wp-content\/uploads\/2023\/11\/DSC_9050a1.jpg\" alt=\"\" class=\"image\">\n                <div class=\"person__content\">\n                  <h4 class=\"person__name text-2xl md:text-3xl text-white font-semibold\">\u0141ukasz Jarych<\/h4>\n                  <span class=\"person__position text-1xl md:text-2xl font-medium text-white\">p.o. G\u0142\u00f3wnego Ksi\u0119gowego <\/span>\n                  <div class=\"person__text text-white\"><p>Odpowiada za nadz\u00f3r nad ksi\u0119gowaniami organizacji pozarz\u0105dowych. Dzia\u0142aj\u0105c w Fundacji, najlepiej zna ich specyfik\u0119 i problemy. Bilansista, trener biznesu i cz\u0142owiek orkiestra: jego kompetencje si\u0119gaj\u0105 od KPiR przez ksi\u0119gi handlowe a\u017c po sprawozdania finansowe. Prywatnie fan szybkiej (ale bezpiecznej!) jazdy.<\/p>\n<\/div>\n\n                <\/div>\n              <\/div>\n            <\/div>\n          \n        <\/div>\n\n\n        <!-- If we need navigation buttons -->\n        <div class=\"pagination flex justify-start flex-row gap-6 mt-3\">\n          <div class=\"swiper-button-prev\">\n            <svg width=\"17\" height=\"37\" viewBox=\"0 0 24 43\" fill=\"none\" xmlns=\"http:\/\/www.w3.org\/2000\/svg\">\n              <path d=\"M22 41L3 21.5L22 2\" stroke=\"#CDA46F\" stroke-width=\"4\" stroke-linecap=\"round\"\/>\n              <\/svg>\n\n          <\/div>\n          <div class=\"swiper-button-next\">\n            <svg width=\"17\" height=\"37\" viewBox=\"0 0 24 43\" fill=\"none\" xmlns=\"http:\/\/www.w3.org\/2000\/svg\">\n              <path d=\"M2 2L21 21.5L2 41\" stroke=\"#CDA46F\" stroke-width=\"4\" stroke-linecap=\"round\"\/>\n            <\/svg>\n          <\/div>\n        <\/div>\n      <\/div>\n\n  <\/div>\n\n\n\n<\/section>\n\n\n\n\n<section class=\"partners\">\n  <div class=\"container\">\n    <div class=\"partners__heading text-center mb-6 py-12\">\n      <h2 class=\"partners__title text-4xl md:text-6xl text-primary font-medium font-heading\">Zaufali nam<\/h2>\n    <\/div>\n\n    <div class=\"partners__items flex flex-wrap justify-center \">\n\n            <div class=\"col-6 col-t-4 col-sd-2 single flex justify-center\">\n\n        <img decoding=\"async\" src=\"https:\/\/e-fik.com.pl\/wp-content\/uploads\/2023\/11\/Mask-Group-48.png\" alt=\"\" class=\"image\">\n\n      <\/div>\n            <div class=\"col-6 col-t-4 col-sd-2 single flex justify-center\">\n\n        <img decoding=\"async\" src=\"https:\/\/e-fik.com.pl\/wp-content\/uploads\/2023\/11\/Mask-Group-49.png\" alt=\"\" class=\"image\">\n\n      <\/div>\n            <div class=\"col-6 col-t-4 col-sd-2 single flex justify-center\">\n\n        <img decoding=\"async\" src=\"https:\/\/e-fik.com.pl\/wp-content\/uploads\/2023\/11\/Mask-Group-51.png\" alt=\"\" class=\"image\">\n\n      <\/div>\n            <div class=\"col-6 col-t-4 col-sd-2 single flex justify-center\">\n\n        <img decoding=\"async\" src=\"https:\/\/e-fik.com.pl\/wp-content\/uploads\/2023\/11\/Mask-Group-52.png\" alt=\"\" class=\"image\">\n\n      <\/div>\n            <div class=\"col-6 col-t-4 col-sd-2 single flex justify-center\">\n\n        <img decoding=\"async\" src=\"https:\/\/e-fik.com.pl\/wp-content\/uploads\/2023\/11\/Mask-Group-53.png\" alt=\"\" class=\"image\">\n\n      <\/div>\n            <div class=\"col-6 col-t-4 col-sd-2 single flex justify-center\">\n\n        <img decoding=\"async\" src=\"https:\/\/e-fik.com.pl\/wp-content\/uploads\/2023\/11\/Mask-Group-54.png\" alt=\"\" class=\"image\">\n\n      <\/div>\n            <div class=\"col-6 col-t-4 col-sd-2 single flex justify-center\">\n\n        <img decoding=\"async\" src=\"https:\/\/e-fik.com.pl\/wp-content\/uploads\/2023\/11\/Mask-Group-55.png\" alt=\"\" class=\"image\">\n\n      <\/div>\n            <div class=\"col-6 col-t-4 col-sd-2 single flex justify-center\">\n\n        <img decoding=\"async\" src=\"https:\/\/e-fik.com.pl\/wp-content\/uploads\/2023\/11\/Mask-Group-57.png\" alt=\"\" class=\"image\">\n\n      <\/div>\n            <div class=\"col-6 col-t-4 col-sd-2 single flex justify-center\">\n\n        <img decoding=\"async\" src=\"https:\/\/e-fik.com.pl\/wp-content\/uploads\/2023\/11\/Mask-Group-58.png\" alt=\"\" class=\"image\">\n\n      <\/div>\n            <div class=\"col-6 col-t-4 col-sd-2 single flex justify-center\">\n\n        <img decoding=\"async\" src=\"https:\/\/e-fik.com.pl\/wp-content\/uploads\/2023\/11\/Mask-Group-59.png\" alt=\"\" class=\"image\">\n\n      <\/div>\n            <div class=\"col-6 col-t-4 col-sd-2 single flex justify-center\">\n\n        <img decoding=\"async\" src=\"https:\/\/e-fik.com.pl\/wp-content\/uploads\/2023\/11\/Mask-Group-60.png\" alt=\"\" class=\"image\">\n\n      <\/div>\n            <div class=\"col-6 col-t-4 col-sd-2 single flex justify-center\">\n\n        <img decoding=\"async\" src=\"https:\/\/e-fik.com.pl\/wp-content\/uploads\/2023\/11\/Mask-Group-61.png\" alt=\"\" class=\"image\">\n\n      <\/div>\n      \n    <\/div>\n  <\/div>\n<\/section>\n\n\n","protected":false},"excerpt":{"rendered":"","protected":false},"author":1,"featured_media":0,"parent":0,"menu_order":0,"comment_status":"closed","ping_status":"closed","template":"template-blocks.blade.php","meta":{"inline_featured_image":false,"footnotes":""},"class_list":["post-367","page","type-page","status-publish","hentry"],"acf":[],"yoast_head":"<!-- This site is optimized with the Yoast SEO plugin v21.7 - https:\/\/yoast.com\/wordpress\/plugins\/seo\/ -->\n<title>Rachunkowo\u015b\u0107 dla firm - fik<\/title>\n<meta name=\"robots\" content=\"index, follow, max-snippet:-1, max-image-preview:large, max-video-preview:-1\" \/>\n<link rel=\"canonical\" href=\"https:\/\/e-fik.com.pl\/uk\/rachunkowosc-dla-firm\/\" \/>\n<meta property=\"og:locale\" content=\"uk_UA\" \/>\n<meta property=\"og:type\" content=\"article\" \/>\n<meta property=\"og:title\" content=\"Rachunkowo\u015b\u0107 dla firm - fik\" \/>\n<meta property=\"og:url\" content=\"https:\/\/e-fik.com.pl\/uk\/rachunkowosc-dla-firm\/\" \/>\n<meta property=\"og:site_name\" content=\"fik\" \/>\n<meta name=\"twitter:card\" content=\"summary_large_image\" \/>\n<script type=\"application\/ld+json\" class=\"yoast-schema-graph\">{\"@context\":\"https:\/\/schema.org\",\"@graph\":[{\"@type\":\"WebPage\",\"@id\":\"https:\/\/e-fik.com.pl\/uk\/rachunkowosc-dla-firm\/\",\"url\":\"https:\/\/e-fik.com.pl\/uk\/rachunkowosc-dla-firm\/\",\"name\":\"Rachunkowo\u015b\u0107 dla firm - fik\",\"isPartOf\":{\"@id\":\"https:\/\/e-fik.com.pl\/uk\/#website\"},\"datePublished\":\"2023-11-19T17:58:00+00:00\",\"dateModified\":\"2023-11-19T17:58:00+00:00\",\"breadcrumb\":{\"@id\":\"https:\/\/e-fik.com.pl\/uk\/rachunkowosc-dla-firm\/#breadcrumb\"},\"inLanguage\":\"uk\",\"potentialAction\":[{\"@type\":\"ReadAction\",\"target\":[\"https:\/\/e-fik.com.pl\/uk\/rachunkowosc-dla-firm\/\"]}]},{\"@type\":\"BreadcrumbList\",\"@id\":\"https:\/\/e-fik.com.pl\/uk\/rachunkowosc-dla-firm\/#breadcrumb\",\"itemListElement\":[{\"@type\":\"ListItem\",\"position\":1,\"name\":\"Home\",\"item\":\"https:\/\/e-fik.com.pl\/uk\/home\/\"},{\"@type\":\"ListItem\",\"position\":2,\"name\":\"Rachunkowo\u015b\u0107 dla firm\"}]},{\"@type\":\"WebSite\",\"@id\":\"https:\/\/e-fik.com.pl\/uk\/#website\",\"url\":\"https:\/\/e-fik.com.pl\/uk\/\",\"name\":\"fik\",\"description\":\"\",\"potentialAction\":[{\"@type\":\"SearchAction\",\"target\":{\"@type\":\"EntryPoint\",\"urlTemplate\":\"https:\/\/e-fik.com.pl\/uk\/?s={search_term_string}\"},\"query-input\":\"required name=search_term_string\"}],\"inLanguage\":\"uk\"}]}<\/script>\n<!-- \/ Yoast SEO plugin. -->","yoast_head_json":{"title":"Rachunkowo\u015b\u0107 dla firm - fik","robots":{"index":"index","follow":"follow","max-snippet":"max-snippet:-1","max-image-preview":"max-image-preview:large","max-video-preview":"max-video-preview:-1"},"canonical":"https:\/\/e-fik.com.pl\/uk\/rachunkowosc-dla-firm\/","og_locale":"uk_UA","og_type":"article","og_title":"Rachunkowo\u015b\u0107 dla firm - fik","og_url":"https:\/\/e-fik.com.pl\/uk\/rachunkowosc-dla-firm\/","og_site_name":"fik","twitter_card":"summary_large_image","schema":{"@context":"https:\/\/schema.org","@graph":[{"@type":"WebPage","@id":"https:\/\/e-fik.com.pl\/uk\/rachunkowosc-dla-firm\/","url":"https:\/\/e-fik.com.pl\/uk\/rachunkowosc-dla-firm\/","name":"Rachunkowo\u015b\u0107 dla firm - fik","isPartOf":{"@id":"https:\/\/e-fik.com.pl\/uk\/#website"},"datePublished":"2023-11-19T17:58:00+00:00","dateModified":"2023-11-19T17:58:00+00:00","breadcrumb":{"@id":"https:\/\/e-fik.com.pl\/uk\/rachunkowosc-dla-firm\/#breadcrumb"},"inLanguage":"uk","potentialAction":[{"@type":"ReadAction","target":["https:\/\/e-fik.com.pl\/uk\/rachunkowosc-dla-firm\/"]}]},{"@type":"BreadcrumbList","@id":"https:\/\/e-fik.com.pl\/uk\/rachunkowosc-dla-firm\/#breadcrumb","itemListElement":[{"@type":"ListItem","position":1,"name":"Home","item":"https:\/\/e-fik.com.pl\/uk\/home\/"},{"@type":"ListItem","position":2,"name":"Rachunkowo\u015b\u0107 dla firm"}]},{"@type":"WebSite","@id":"https:\/\/e-fik.com.pl\/uk\/#website","url":"https:\/\/e-fik.com.pl\/uk\/","name":"fik","description":"","potentialAction":[{"@type":"SearchAction","target":{"@type":"EntryPoint","urlTemplate":"https:\/\/e-fik.com.pl\/uk\/?s={search_term_string}"},"query-input":"required name=search_term_string"}],"inLanguage":"uk"}]}},"_links":{"self":[{"href":"https:\/\/e-fik.com.pl\/uk\/wp-json\/wp\/v2\/pages\/367","targetHints":{"allow":["GET"]}}],"collection":[{"href":"https:\/\/e-fik.com.pl\/uk\/wp-json\/wp\/v2\/pages"}],"about":[{"href":"https:\/\/e-fik.com.pl\/uk\/wp-json\/wp\/v2\/types\/page"}],"author":[{"embeddable":true,"href":"https:\/\/e-fik.com.pl\/uk\/wp-json\/wp\/v2\/users\/1"}],"replies":[{"embeddable":true,"href":"https:\/\/e-fik.com.pl\/uk\/wp-json\/wp\/v2\/comments?post=367"}],"version-history":[{"count":0,"href":"https:\/\/e-fik.com.pl\/uk\/wp-json\/wp\/v2\/pages\/367\/revisions"}],"wp:attachment":[{"href":"https:\/\/e-fik.com.pl\/uk\/wp-json\/wp\/v2\/media?parent=367"}],"curies":[{"name":"wp","href":"https:\/\/api.w.org\/{rel}","templated":true}]}}