{"id":365,"date":"2023-11-19T18:08:11","date_gmt":"2023-11-19T18:08:11","guid":{"rendered":"https:\/\/e-fik.com.pl\/oferta\/"},"modified":"2023-11-19T18:08:11","modified_gmt":"2023-11-19T18:08:11","slug":"oferta","status":"publish","type":"page","link":"https:\/\/e-fik.com.pl\/uk\/oferta\/","title":{"rendered":"Oferta"},"content":{"rendered":"<section class=\"page-header\">\n\n    <div class=\"page-header__image absolute top-0 right-0\">\n            <img decoding=\"async\" src=\"https:\/\/e-fik.com.pl\/wp-content\/uploads\/2023\/11\/Mask-Group-37-1.png\" class=\"image\">\n          <\/div>\n\n    <div class=\"container\">\n      <div class=\"page-header__content\">\n        <h1 class=\"page-header__heading font-heading text-5xl md:text-6xl font-medium mb-4 text-primary\">\n          Oferta\n        <\/h1>\n        <div class=\"page-header__text font-body text-primary\">\n          <p>Nasz\u0105 aktualn\u0105 ofert\u0119 obs\u0142ugi rachunkowej ukszta\u0142towali nasi klienci. To dzi\u0119ki nim jest tak rozbudowana i kompleksowa, poniewa\u017c powstawa\u0142a i rozwija\u0142a si\u0119 zawsze jako odpowied\u017a na ich potrzeby. Teraz to Twoja firma lub organizacja ma mo\u017cliwo\u015b\u0107 skorzystania z naszego do\u015bwiadczenia w prowadzeniu ksi\u0119gowo\u015bci, obs\u0142udze kadrowo-p\u0142acowej, ewidencji czasu pracy i innych obszarach.<\/p>\n<p>Ale musisz wiedzie\u0107 co\u015b jeszcze. Do ka\u017cdego klienta podchodzimy indywidualnie, wi\u0119c zamieszczony poni\u017cej spis us\u0142ug rachunkowych traktuj jako pewien og\u00f3lny zarys tego, co robimy. Je\u015bli Twoje potrzeby wykraczaj\u0105 poza wymienione elementy, to jeszcze nie znaczy, \u017ce nie mo\u017cemy Ci pom\u00f3c. Wr\u0119cz przeciwnie \u2013 oferta, kt\u00f3r\u0105 od nas otrzymasz, b\u0119dzie znacznie bardziej szczeg\u00f3\u0142owa i skrojona \u015bci\u015ble pod Twoj\u0105 dzia\u0142alno\u015b\u0107, z uwzgl\u0119dnieniem jej specyfiki i oczekiwa\u0144, jakie nam przedstawisz.<\/p>\n\n        <\/div>\n                <a href=\"https:\/\/e-fik.com.pl\/kontakt\/\"\n            class=\"link link--secondary home-fundation__link\">\n          Porozmawiaj z naszym przedstawicielem \n        <\/a>\n              <\/div>\n    <\/div>\n\n<\/section>\n\n\n\n\nZ\n\n\n\n\n<section class=\"offerElements\">\n\n    <div class=\"container\">\n      <div class=\"offerElements__items\">\n\n        \n        <div class=\"col-12 col-t-4 single flex\">\n          <h3 class=\"single__title text-primary font-medium mb-6\">Pozosta\u0142e us\u0142ugi<\/h3>\n          <div class=\"single__content\">  <!-- wp:list -->\n<ul><!-- wp:list-item -->\n<li>przeprowadzanie kontroli ksi\u0105g rachunkowych oraz dokumentacji kadrowo-p\u0142acowej<\/li>\n<!-- \/wp:list-item -->\n\n<!-- wp:list-item -->\n<li>pomoc w wyprowadzaniu zaleg\u0142o\u015bci ksi\u0119gowych<\/li>\n<!-- \/wp:list-item -->\n\n<!-- wp:list-item -->\n<li>wsparcie w procesach budowy dzia\u0142u ksi\u0119gowo\u015bci wewn\u0119trznej<\/li>\n<!-- \/wp:list-item -->\n\n<!-- wp:list-item -->\n<li>pomoc w zakresie rejestrowania dzia\u0142alno\u015bci gospodarczej bez wzgl\u0119du na jej form\u0119 (jednoosobowe dzia\u0142alno\u015bci gospodarcze, sp\u00f3\u0142ki osobowe, sp\u00f3\u0142ki kapita\u0142owe, fundacje itd.)<\/li>\n<!-- \/wp:list-item -->\n\n<!-- wp:list-item -->\n<li>pomoc przy przekszta\u0142caniu form dzia\u0142alno\u015bci<\/li>\n<!-- \/wp:list-item -->\n\n<!-- wp:list-item -->\n<li>obs\u0142uga kontroli podatkowych, ZUS, pip etc.<\/li>\n<!-- \/wp:list-item -->\n\n<!-- wp:list-item -->\n<li>wsparcie w zatrudnianiu cudzoziemc\u00f3w<\/li>\n<!-- \/wp:list-item -->\n\n<!-- wp:list-item -->\n<li>opracowanie polityki rachunkowo\u015bci<\/li>\n<!-- \/wp:list-item -->\n\n<!-- wp:list-item -->\n<li>sporz\u0105dzenie sprawozda\u0144 finansowych<\/li>\n<!-- \/wp:list-item --><\/ul>\n<!-- \/wp:list --><\/div>\n          <a href=\"https:\/\/e-fik.com.pl\/kontakt\/\"\n              class=\"link link--secondary single__link\"\n              >\n              Zapytaj o szczeg\u00f3\u0142ow\u0105 ofert\u0119\n          <\/a>\n        <\/div>\n\n        \n        <div class=\"col-12 col-t-4 single flex\">\n          <h3 class=\"single__title text-primary font-medium mb-6\">Obs\u0142uga kadrowo-p\u0142acowa<\/h3>\n          <div class=\"single__content\">  <!-- wp:list -->\n<ul><!-- wp:list-item -->\n<li>obs\u0142uga um\u00f3w o prac\u0119<\/li>\n<!-- \/wp:list-item -->\n\n<!-- wp:list-item -->\n<li>obs\u0142uga um\u00f3w cywilno-prawnych<\/li>\n<!-- \/wp:list-item -->\n\n<!-- wp:list-item -->\n<li>sporz\u0105dzanie i wysy\u0142ka deklaracji do ZUS, US, PFRON<\/li>\n<!-- \/wp:list-item -->\n\n<!-- wp:list-item -->\n<li>obs\u0142uga w zakresie BHP<\/li>\n<!-- \/wp:list-item --><\/ul>\n<!-- \/wp:list --><\/div>\n          <a href=\"https:\/\/e-fik.com.pl\/kontakt\/\"\n              class=\"link link--secondary single__link\"\n              >\n              Zapytaj o szczeg\u00f3\u0142ow\u0105 ofert\u0119\n          <\/a>\n        <\/div>\n\n        \n        <div class=\"col-12 col-t-4 single flex\">\n          <h3 class=\"single__title text-primary font-medium mb-6\">Obs\u0142uga ksi\u0119gowa<\/h3>\n          <div class=\"single__content\">  <!-- wp:list -->\n<ul><!-- wp:list-item -->\n<li>prowadzenie Podatkowej Ksi\u0119gi Przychod\u00f3w i Rozchod\u00f3w<\/li>\n<!-- \/wp:list-item -->\n\n<!-- wp:list-item -->\n<li>prowadzenie ewidencji rycza\u0142towych<\/li>\n<!-- \/wp:list-item -->\n\n<!-- wp:list-item -->\n<li>prowadzenie ksi\u0105g rachunkowych<\/li>\n<!-- \/wp:list-item -->\n\n<!-- wp:list-item -->\n<li>sporz\u0105dzanie oraz wysy\u0142ka deklaracji podatkowych<\/li>\n<!-- \/wp:list-item -->\n\n<!-- wp:list-item -->\n<li>tworzenie i aktualizacja polityki rachunkowo\u015bci<\/li>\n<!-- \/wp:list-item --><\/ul>\n<!-- \/wp:list --><\/div>\n          <a href=\"https:\/\/e-fik.com.pl\/kontakt\/\"\n              class=\"link link--secondary single__link\"\n              >\n              Zapytaj o szczeg\u00f3\u0142ow\u0105 ofert\u0119\n          <\/a>\n        <\/div>\n\n        \n      <\/div>\n    <\/div>\n\n<\/section>\n\n\n\n\n<section class=\"cta-banner py-16\">\n\n    <div class=\"cta-banner__image absolute top-0 right-0\">\n            <img decoding=\"async\" src=\"https:\/\/e-fik.com.pl\/wp-content\/uploads\/2023\/11\/ofertaCTA-scaled.jpg\" class=\"image\">\n          <\/div>\n\n    <div class=\"container\">\n      <div class=\"cta-banner__content\">\n                <h3 style='color: #ffffff' class=\"cta-banner__heading font-heading text-4xl md:text-6xl font-medium mb-4 text-primary\">\n          A je\u015bli reprezentujesz organizacj\u0119 pozarz\u0105dow\u0105, koniecznie sprawd\u017a nasz program Profesjonali\u015bci dla NGO\n        <\/h3>\n                                <a href=\"https:\/\/e-fik.com.pl\/fundacja\/\"\n            class=\"link link--secondary cta-banner__link #ffffff\">\n          sprawd\u017a\n        <\/a>\n              <\/div>\n    <\/div>\n\n<\/section>\n\n\n","protected":false},"excerpt":{"rendered":"","protected":false},"author":1,"featured_media":0,"parent":0,"menu_order":0,"comment_status":"closed","ping_status":"closed","template":"template-blocks.blade.php","meta":{"inline_featured_image":false,"footnotes":""},"class_list":["post-365","page","type-page","status-publish","hentry"],"acf":[],"yoast_head":"<!-- This site is optimized with the Yoast SEO plugin v21.7 - https:\/\/yoast.com\/wordpress\/plugins\/seo\/ -->\n<title>Oferta - fik<\/title>\n<meta name=\"robots\" content=\"index, follow, max-snippet:-1, max-image-preview:large, max-video-preview:-1\" \/>\n<link rel=\"canonical\" href=\"https:\/\/e-fik.com.pl\/uk\/oferta\/\" \/>\n<meta property=\"og:locale\" content=\"uk_UA\" \/>\n<meta property=\"og:type\" content=\"article\" \/>\n<meta property=\"og:title\" content=\"Oferta - fik\" \/>\n<meta property=\"og:url\" content=\"https:\/\/e-fik.com.pl\/uk\/oferta\/\" \/>\n<meta property=\"og:site_name\" content=\"fik\" \/>\n<meta name=\"twitter:card\" content=\"summary_large_image\" \/>\n<script type=\"application\/ld+json\" class=\"yoast-schema-graph\">{\"@context\":\"https:\/\/schema.org\",\"@graph\":[{\"@type\":\"WebPage\",\"@id\":\"https:\/\/e-fik.com.pl\/uk\/oferta\/\",\"url\":\"https:\/\/e-fik.com.pl\/uk\/oferta\/\",\"name\":\"Oferta - fik\",\"isPartOf\":{\"@id\":\"https:\/\/e-fik.com.pl\/uk\/#website\"},\"datePublished\":\"2023-11-19T18:08:11+00:00\",\"dateModified\":\"2023-11-19T18:08:11+00:00\",\"breadcrumb\":{\"@id\":\"https:\/\/e-fik.com.pl\/uk\/oferta\/#breadcrumb\"},\"inLanguage\":\"uk\",\"potentialAction\":[{\"@type\":\"ReadAction\",\"target\":[\"https:\/\/e-fik.com.pl\/uk\/oferta\/\"]}]},{\"@type\":\"BreadcrumbList\",\"@id\":\"https:\/\/e-fik.com.pl\/uk\/oferta\/#breadcrumb\",\"itemListElement\":[{\"@type\":\"ListItem\",\"position\":1,\"name\":\"Home\",\"item\":\"https:\/\/e-fik.com.pl\/uk\/home\/\"},{\"@type\":\"ListItem\",\"position\":2,\"name\":\"Oferta\"}]},{\"@type\":\"WebSite\",\"@id\":\"https:\/\/e-fik.com.pl\/uk\/#website\",\"url\":\"https:\/\/e-fik.com.pl\/uk\/\",\"name\":\"fik\",\"description\":\"\",\"potentialAction\":[{\"@type\":\"SearchAction\",\"target\":{\"@type\":\"EntryPoint\",\"urlTemplate\":\"https:\/\/e-fik.com.pl\/uk\/?s={search_term_string}\"},\"query-input\":\"required name=search_term_string\"}],\"inLanguage\":\"uk\"}]}<\/script>\n<!-- \/ Yoast SEO plugin. -->","yoast_head_json":{"title":"Oferta - fik","robots":{"index":"index","follow":"follow","max-snippet":"max-snippet:-1","max-image-preview":"max-image-preview:large","max-video-preview":"max-video-preview:-1"},"canonical":"https:\/\/e-fik.com.pl\/uk\/oferta\/","og_locale":"uk_UA","og_type":"article","og_title":"Oferta - fik","og_url":"https:\/\/e-fik.com.pl\/uk\/oferta\/","og_site_name":"fik","twitter_card":"summary_large_image","schema":{"@context":"https:\/\/schema.org","@graph":[{"@type":"WebPage","@id":"https:\/\/e-fik.com.pl\/uk\/oferta\/","url":"https:\/\/e-fik.com.pl\/uk\/oferta\/","name":"Oferta - fik","isPartOf":{"@id":"https:\/\/e-fik.com.pl\/uk\/#website"},"datePublished":"2023-11-19T18:08:11+00:00","dateModified":"2023-11-19T18:08:11+00:00","breadcrumb":{"@id":"https:\/\/e-fik.com.pl\/uk\/oferta\/#breadcrumb"},"inLanguage":"uk","potentialAction":[{"@type":"ReadAction","target":["https:\/\/e-fik.com.pl\/uk\/oferta\/"]}]},{"@type":"BreadcrumbList","@id":"https:\/\/e-fik.com.pl\/uk\/oferta\/#breadcrumb","itemListElement":[{"@type":"ListItem","position":1,"name":"Home","item":"https:\/\/e-fik.com.pl\/uk\/home\/"},{"@type":"ListItem","position":2,"name":"Oferta"}]},{"@type":"WebSite","@id":"https:\/\/e-fik.com.pl\/uk\/#website","url":"https:\/\/e-fik.com.pl\/uk\/","name":"fik","description":"","potentialAction":[{"@type":"SearchAction","target":{"@type":"EntryPoint","urlTemplate":"https:\/\/e-fik.com.pl\/uk\/?s={search_term_string}"},"query-input":"required name=search_term_string"}],"inLanguage":"uk"}]}},"_links":{"self":[{"href":"https:\/\/e-fik.com.pl\/uk\/wp-json\/wp\/v2\/pages\/365","targetHints":{"allow":["GET"]}}],"collection":[{"href":"https:\/\/e-fik.com.pl\/uk\/wp-json\/wp\/v2\/pages"}],"about":[{"href":"https:\/\/e-fik.com.pl\/uk\/wp-json\/wp\/v2\/types\/page"}],"author":[{"embeddable":true,"href":"https:\/\/e-fik.com.pl\/uk\/wp-json\/wp\/v2\/users\/1"}],"replies":[{"embeddable":true,"href":"https:\/\/e-fik.com.pl\/uk\/wp-json\/wp\/v2\/comments?post=365"}],"version-history":[{"count":0,"href":"https:\/\/e-fik.com.pl\/uk\/wp-json\/wp\/v2\/pages\/365\/revisions"}],"wp:attachment":[{"href":"https:\/\/e-fik.com.pl\/uk\/wp-json\/wp\/v2\/media?parent=365"}],"curies":[{"name":"wp","href":"https:\/\/api.w.org\/{rel}","templated":true}]}}